{"id":49,"date":"2018-05-05T23:57:14","date_gmt":"2018-05-05T23:57:14","guid":{"rendered":"https:\/\/quintadoencontro.pt\/pt\/?page_id=49"},"modified":"2018-05-29T09:50:25","modified_gmt":"2018-05-29T09:50:25","slug":"os-nossos-vinhos","status":"publish","type":"page","link":"https:\/\/quintadoencontro.pt\/pt\/os-nossos-vinhos\/","title":{"rendered":"Os Nossos Vinhos"},"content":{"rendered":"<p>A Quinta do Encontro \u00e9 uma adega marcante e inovadora, cujo conceito une a paix\u00e3o pelos vinhos \u00e0 arquitectura.<\/p>\n<p>Os vinhos produzidos resultam desta vis\u00e3o diferenciadora, originando um portef\u00f3lio que evidencia uma abordagem distinta da Bairrada.<\/p>\n<p>&nbsp;<\/p>\n<p>&nbsp;<\/p>\n","protected":false},"excerpt":{"rendered":"<p>A Quinta do Encontro \u00e9 uma adega marcante e inovadora, cujo conceito une a paix\u00e3o pelos vinhos \u00e0 arquitectura. Os vinhos produzidos resultam desta vis\u00e3o diferenciadora, originando um portef\u00f3lio que evidencia uma abordagem distinta da Bairrada. &nbsp; &nbsp;<\/p>\n","protected":false},"author":2,"featured_media":50,"parent":0,"menu_order":10,"comment_status":"closed","ping_status":"closed","template":"portfolio-3.php","meta":{"footnotes":""},"class_list":["post-49","page","type-page","status-publish","has-post-thumbnail","hentry"],"_links":{"self":[{"href":"https:\/\/quintadoencontro.pt\/pt\/wp-json\/wp\/v2\/pages\/49","targetHints":{"allow":["GET"]}}],"collection":[{"href":"https:\/\/quintadoencontro.pt\/pt\/wp-json\/wp\/v2\/pages"}],"about":[{"href":"https:\/\/quintadoencontro.pt\/pt\/wp-json\/wp\/v2\/types\/page"}],"author":[{"embeddable":true,"href":"https:\/\/quintadoencontro.pt\/pt\/wp-json\/wp\/v2\/users\/2"}],"replies":[{"embeddable":true,"href":"https:\/\/quintadoencontro.pt\/pt\/wp-json\/wp\/v2\/comments?post=49"}],"version-history":[{"count":4,"href":"https:\/\/quintadoencontro.pt\/pt\/wp-json\/wp\/v2\/pages\/49\/revisions"}],"predecessor-version":[{"id":297,"href":"https:\/\/quintadoencontro.pt\/pt\/wp-json\/wp\/v2\/pages\/49\/revisions\/297"}],"wp:featuredmedia":[{"embeddable":true,"href":"https:\/\/quintadoencontro.pt\/pt\/wp-json\/wp\/v2\/media\/50"}],"wp:attachment":[{"href":"https:\/\/quintadoencontro.pt\/pt\/wp-json\/wp\/v2\/media?parent=49"}],"curies":[{"name":"wp","href":"https:\/\/api.w.org\/{rel}","templated":true}]}}