{"id":345,"date":"2018-05-30T08:07:47","date_gmt":"2018-05-30T08:07:47","guid":{"rendered":"https:\/\/quintadoencontro.pt\/pt\/?page_id=345"},"modified":"2024-07-11T18:10:42","modified_gmt":"2024-07-11T17:10:42","slug":"enoturismo","status":"publish","type":"page","link":"https:\/\/quintadoencontro.pt\/pt\/enoturismo\/","title":{"rendered":"Enoturismo"},"content":{"rendered":"<h4>QUINTA DO ENCONTRO, UMA PAIX\u00c3O, UM CONCEITO<\/h4>\n<p style=\"text-align: left;\">A Quinta do Encontro nasce do sonho e paix\u00e3o pelos vinhos, criando uma vis\u00e3o das formas e linhas exteriores e interiores do desenho estrutural de uma barrica que resultou na perfeita harmonia conceptual entre a produ\u00e7\u00e3o de vinho e a arquitectura moderna.<\/p>\n<p style=\"text-align: left;\">Ao descobrir o edif\u00edcio poder\u00e1 livremente, quase de olhos fechados, percorrer sem barreiras a nossa ci\u00eancia e arte de produzir vinhos de excel\u00eancia, e ter uma experi\u00eancia \u00fanica sensorial, numa Adega de Design.<\/p>\n<h4 style=\"text-align: center;\">Veja o espa\u00e7o com a nossa visita virtual<\/h4>\n<\/p>\n\n\n<div class=\"wp-block-group is-content-justification-center is-nowrap is-layout-flex wp-container-core-group-is-layout-94bc23d7 wp-block-group-is-layout-flex\">\n<div class=\"wp-block-buttons is-layout-flex wp-block-buttons-is-layout-flex\">\n<div class=\"wp-block-button\"><a class=\"wp-block-button__link wp-element-button\" href=\"https:\/\/www.quintadoencontro.pt\/visitas_virtuais\/visita_pc_PT\/index.htm\" target=\"_blank\" rel=\"noreferrer noopener\">Ver (visita virtual desktop)<\/a><\/div>\n<\/div>\n\n\n\n<div class=\"wp-block-buttons is-content-justification-right is-layout-flex wp-container-core-buttons-is-layout-765c4724 wp-block-buttons-is-layout-flex\">\n<div class=\"wp-block-button\"><a class=\"wp-block-button__link wp-element-button\" href=\"https:\/\/www.quintadoencontro.pt\/visitas_virtuais\/visita_mobile_PT\/index.htm\" target=\"_blank\" rel=\"noreferrer noopener\">Ver (visita virtual VR mobile)<\/a><\/div>\n<\/div>\n<\/div>\n\n\n\n<div style=\"height:100px\" aria-hidden=\"true\" class=\"wp-block-spacer\"><\/div>\n\n\n\n<div class=\"wp-block-buttons is-content-justification-center is-layout-flex wp-container-core-buttons-is-layout-16018d1d wp-block-buttons-is-layout-flex\">\n<div class=\"wp-block-button is-style-outline is-style-outline--1\"><a class=\"wp-block-button__link has-text-align-center wp-element-button\" href=\"https:\/\/1990.wine\/enoturismo\/restaurantes\/restaurante-quinta-do-encontro\/\">Saiba mais sobre o nosso enoturismo<\/a><\/div>\n<\/div>\n","protected":false},"excerpt":{"rendered":"<p>QUINTA DO ENCONTRO, UMA PAIX\u00c3O, UM CONCEITO A Quinta do Encontro nasce do sonho e paix\u00e3o pelos vinhos, criando uma vis\u00e3o das formas e linhas exteriores e interiores do desenho estrutural de uma barrica que resultou na perfeita harmonia conceptual entre a produ\u00e7\u00e3o de vinho e a arquitectura moderna. Ao descobrir o edif\u00edcio poder\u00e1 livremente, [&hellip;]<\/p>\n","protected":false},"author":2,"featured_media":355,"parent":0,"menu_order":0,"comment_status":"closed","ping_status":"closed","template":"","meta":{"footnotes":""},"class_list":["post-345","page","type-page","status-publish","has-post-thumbnail","hentry"],"_links":{"self":[{"href":"https:\/\/quintadoencontro.pt\/pt\/wp-json\/wp\/v2\/pages\/345","targetHints":{"allow":["GET"]}}],"collection":[{"href":"https:\/\/quintadoencontro.pt\/pt\/wp-json\/wp\/v2\/pages"}],"about":[{"href":"https:\/\/quintadoencontro.pt\/pt\/wp-json\/wp\/v2\/types\/page"}],"author":[{"embeddable":true,"href":"https:\/\/quintadoencontro.pt\/pt\/wp-json\/wp\/v2\/users\/2"}],"replies":[{"embeddable":true,"href":"https:\/\/quintadoencontro.pt\/pt\/wp-json\/wp\/v2\/comments?post=345"}],"version-history":[{"count":30,"href":"https:\/\/quintadoencontro.pt\/pt\/wp-json\/wp\/v2\/pages\/345\/revisions"}],"predecessor-version":[{"id":556,"href":"https:\/\/quintadoencontro.pt\/pt\/wp-json\/wp\/v2\/pages\/345\/revisions\/556"}],"wp:featuredmedia":[{"embeddable":true,"href":"https:\/\/quintadoencontro.pt\/pt\/wp-json\/wp\/v2\/media\/355"}],"wp:attachment":[{"href":"https:\/\/quintadoencontro.pt\/pt\/wp-json\/wp\/v2\/media?parent=345"}],"curies":[{"name":"wp","href":"https:\/\/api.w.org\/{rel}","templated":true}]}}